{"id":10311,"date":"2016-08-24T16:23:19","date_gmt":"2016-08-24T14:23:19","guid":{"rendered":"http:\/\/www.cuchillalia.com\/tienda\/3-claveles-404-tijera-cocina-grand-cuisine-inoxidable-8-pulg\/"},"modified":"2026-03-20T01:37:18","modified_gmt":"2026-03-20T00:37:18","slug":"3-claveles-404-tijera-cocina-grand-cuisine-inoxidable-8-pulg","status":"publish","type":"product","link":"https:\/\/www.cuchillalia.com\/en\/producto\/3-claveles-404-tijera-cocina-grand-cuisine-inoxidable-8-pulg\/","title":{"rendered":"Tijeras de cocina de 20 cm &#8211; 3 Claveles Grand Cuisine 404"},"content":{"rendered":"<h2>Tabla de caracter\u00edsticas tijera de cocina Grand Cuisine 3 Claveles 404<\/h2>\n<div class='tabla-caracteristicas'>\n<div class='fila'><span class='etiqueta'>Nombre comercial:<\/span><span class='valor'><strong>Tijeras de cocina Grand Cuisine<\/strong><\/span><\/div>\n<div class='fila'><span class='etiqueta'>Fabricante:<\/span><span class='valor'>3 Claveles<\/span><\/div>\n<div class='fila'><span class='etiqueta'>Referencia del fabricante:<\/span><span class='valor'>404<\/span><\/div>\n<div class='fila'><span class='etiqueta'>Material de la hoja:<\/span><span class='valor'>Acero inoxidable<\/span><\/div>\n<div class='fila'><span class='etiqueta'>Tipo de hoja:<\/span><span class='valor'>Filo microdentado<\/span><\/div>\n<div class='fila'><span class='etiqueta'>Acabado:<\/span><span class='valor'>Pulido brillo<\/span><\/div>\n<div class='fila'><span class='etiqueta'>Dureza:<\/span><span class='valor'>HRc 60 Rockwell<\/span><\/div>\n<div class='fila'><span class='etiqueta'>Material del mango:<\/span><span class='valor'>Acero inoxidable<\/span><\/div>\n<div class='fila'><span class='etiqueta'>Medidas:<\/span><span class='valor'>20 cm &#8211; 8&#8242;<\/span><\/div>\n<div class='fila'><span class='etiqueta'>\u00bfEs apto para zurdos?:<\/span><span class='valor'>Solo para diestros<\/span><\/div>\n<div class='fila'><span class='etiqueta'>Peso del producto:<\/span><span class='valor'>148 g<\/span><\/div>\n<div class='fila'><span class='etiqueta'>Producci\u00f3n:<\/span><span class='valor'>Forjadas en caliente<\/span><\/div>\n<div class='fila'><span class='etiqueta'>Presentaci\u00f3n del producto:<\/span><span class='valor'>Blister de pl\u00e1stico<\/span><\/div>\n<div class='fila'><span class='etiqueta'>\u00bfEs apto para el lavavajillas?:<\/span><span class='valor'>Si<\/span><\/div>\n<div class='fila'><span class='etiqueta'>\u00bfDonde se fabrica?:<\/span><span class='valor'>Espa\u00f1a<\/span><\/div>\n<div class='fila'><span class='etiqueta'>C\u00f3digo de barras (GTIN):<\/span><span class='valor'>8410990004049<\/span><\/div>\n<div class='fila'><span class='etiqueta'>Observaciones:<\/span><span class='valor'>&#8211; Tijera de cocina apta para todo tipo de alimentos, \u00fatil en las tareas m\u00e1s dif\u00edciles de la cocina. Resistente y de gran rendimiento.<br \/>\n&#8211; Tijera forjada en acero inoxidable, para una mayor durabilidad y resistencia.<br \/>\n&#8211; La tijera presenta un filo microdentado, para un corte mas seguro y estable.<br \/>\n&#8211; Tambi\u00e9n tiene un tornillo para ajustar y afilar la tijera aumentando la vida de uso.<br \/>\n&#8211; Apta para el lavavajillas. Como con cualquier otra tijera o cuchillo, se recomienda secar bien despu\u00e9s del lavado.<\/span><\/div>\n<\/div>\n<h3>V\u00eddeo de las tijeras de cocina 3 Claveles:<\/h3>\n<p>Echapresto nos muestra en el siguiente v\u00eddeo diferentes modelos de tijeras de cocina de 3 Claveles<\/p>\n<p style='text-align: center;'><div class=\"kad-youtube-shortcode videofit\"  ><iframe loading=\"lazy\" width=\"600\" height=\"400\" src=\"https:\/\/www.youtube.com\/embed\/87RY4o8PZXo?autoplay=0&controls=1&fs=1&modestbranding=0&theme=dark&rel=0&loop=0\" frameborder=\"0\" allowfullscreen=\"true\"><\/iframe><\/div>\n<h3>V\u00eddeo fabricando tijeras de cocina de 3 Claveles:<\/h3>\n<p style='text-align: center;'><div class=\"kad-youtube-shortcode videofit\"  ><iframe loading=\"lazy\" width=\"600\" height=\"400\" src=\"https:\/\/www.youtube.com\/embed\/Kiv45wHssIE?autoplay=0&controls=1&fs=1&modestbranding=0&theme=dark&rel=0&loop=0\" frameborder=\"0\" allowfullscreen=\"true\"><\/iframe><\/div>\n","protected":false},"excerpt":{"rendered":"<p><strong>Tijera de cocina Grand Cuisine<\/strong>\u00a0para Usos Varios <strong>3 Claveles 404<\/strong>, en <em>acero inoxidable<\/em>, de 20 cm (8&#8243;), con <em>filo microdentado<\/em>.&hellip; <a class=\"kt-excerpt-readmore more-link\" href=\"https:\/\/www.cuchillalia.com\/en\/producto\/3-claveles-404-tijera-cocina-grand-cuisine-inoxidable-8-pulg\/\" aria-label=\"Tijeras de cocina de 20 cm &#8211; 3 Claveles Grand Cuisine 404\">Read More<\/a><\/p>\n","protected":false},"featured_media":10312,"comment_status":"open","ping_status":"closed","template":"","meta":[],"product_brand":[],"product_cat":[8278,8279],"product_tag":[],"class_list":{"0":"post-10311","1":"product","2":"type-product","3":"status-publish","4":"has-post-thumbnail","6":"product_cat-cocina","7":"product_cat-tijeras-cocina-3-claveles","9":"first","10":"instock","11":"taxable","12":"shipping-taxable","13":"purchasable","14":"product-type-simple"},"yoast_head":"<!-- This site is optimized with the Yoast SEO plugin v27.5 - https:\/\/yoast.com\/product\/yoast-seo-wordpress\/ -->\n<title>Tijera de cocina Grand Cuisine de 20 cm - 3 Claveles 404 | Cuchillalia<\/title>\n<meta name=\"description\" content=\"Tijera de cocina Grand Cuisine 3 Claveles 404, filo microdentado, en acero inoxidable, de 20 cm (8&quot;). Para usos varios. Presentada en display abierto.\" \/>\n<meta name=\"robots\" content=\"index, follow, max-snippet:-1, max-image-preview:large, max-video-preview:-1\" \/>\n<link rel=\"canonical\" href=\"https:\/\/www.cuchillalia.com\/producto\/3-claveles-404-tijera-cocina-grand-cuisine-inoxidable-8-pulg\/\" \/>\n<meta property=\"og:locale\" content=\"en_US\" \/>\n<meta property=\"og:type\" content=\"article\" \/>\n<meta property=\"og:title\" content=\"Tijera de cocina Grand Cuisine de 20 cm - 3 Claveles 404 | Cuchillalia\" \/>\n<meta property=\"og:description\" content=\"Tijera de cocina Grand Cuisine 3 Claveles 404, filo microdentado, en acero inoxidable, de 20 cm (8&quot;). Para usos varios. Presentada en display abierto.\" \/>\n<meta property=\"og:url\" content=\"https:\/\/www.cuchillalia.com\/producto\/3-claveles-404-tijera-cocina-grand-cuisine-inoxidable-8-pulg\/\" \/>\n<meta property=\"og:site_name\" content=\"Cuchillalia.com\" \/>\n<meta property=\"article:publisher\" content=\"http:\/\/www.facebook.com\/cuchillalia\" \/>\n<meta property=\"article:modified_time\" content=\"2026-03-20T00:37:18+00:00\" \/>\n<meta property=\"og:image\" content=\"https:\/\/www.cuchillalia.com\/wordpress\/wp-content\/uploads\/2016\/08\/cuchillalia-3-claveles-00404-tijeras-cocina-grand-cuisine-8-pulg.jpg\" \/>\n\t<meta property=\"og:image:width\" content=\"1600\" \/>\n\t<meta property=\"og:image:height\" content=\"1600\" \/>\n\t<meta property=\"og:image:type\" content=\"image\/jpeg\" \/>\n<meta name=\"twitter:card\" content=\"summary_large_image\" \/>\n<meta name=\"twitter:site\" content=\"@Cuchillalia\" \/>\n<meta name=\"twitter:label1\" content=\"Est. reading time\" \/>\n\t<meta name=\"twitter:data1\" content=\"2 minutes\" \/>\n<!-- \/ Yoast SEO plugin. -->","yoast_head_json":{"title":"Tijera de cocina Grand Cuisine de 20 cm - 3 Claveles 404 | Cuchillalia","description":"Tijera de cocina Grand Cuisine 3 Claveles 404, filo microdentado, en acero inoxidable, de 20 cm (8\"). Para usos varios. Presentada en display abierto.","robots":{"index":"index","follow":"follow","max-snippet":"max-snippet:-1","max-image-preview":"max-image-preview:large","max-video-preview":"max-video-preview:-1"},"canonical":"https:\/\/www.cuchillalia.com\/producto\/3-claveles-404-tijera-cocina-grand-cuisine-inoxidable-8-pulg\/","og_locale":"en_US","og_type":"article","og_title":"Tijera de cocina Grand Cuisine de 20 cm - 3 Claveles 404 | Cuchillalia","og_description":"Tijera de cocina Grand Cuisine 3 Claveles 404, filo microdentado, en acero inoxidable, de 20 cm (8\"). Para usos varios. Presentada en display abierto.","og_url":"https:\/\/www.cuchillalia.com\/producto\/3-claveles-404-tijera-cocina-grand-cuisine-inoxidable-8-pulg\/","og_site_name":"Cuchillalia.com","article_publisher":"http:\/\/www.facebook.com\/cuchillalia","article_modified_time":"2026-03-20T00:37:18+00:00","og_image":[{"width":1600,"height":1600,"url":"https:\/\/www.cuchillalia.com\/wordpress\/wp-content\/uploads\/2016\/08\/cuchillalia-3-claveles-00404-tijeras-cocina-grand-cuisine-8-pulg.jpg","type":"image\/jpeg"}],"twitter_card":"summary_large_image","twitter_site":"@Cuchillalia","twitter_misc":{"Est. reading time":"2 minutes"},"schema":{"@context":"https:\/\/schema.org","@graph":[{"@type":"WebPage","@id":"https:\/\/www.cuchillalia.com\/producto\/3-claveles-404-tijera-cocina-grand-cuisine-inoxidable-8-pulg\/","url":"https:\/\/www.cuchillalia.com\/producto\/3-claveles-404-tijera-cocina-grand-cuisine-inoxidable-8-pulg\/","name":"Tijera de cocina Grand Cuisine de 20 cm - 3 Claveles 404 | Cuchillalia","isPartOf":{"@id":"https:\/\/www.cuchillalia.com\/#website"},"primaryImageOfPage":{"@id":"https:\/\/www.cuchillalia.com\/producto\/3-claveles-404-tijera-cocina-grand-cuisine-inoxidable-8-pulg\/#primaryimage"},"image":{"@id":"https:\/\/www.cuchillalia.com\/producto\/3-claveles-404-tijera-cocina-grand-cuisine-inoxidable-8-pulg\/#primaryimage"},"thumbnailUrl":"https:\/\/www.cuchillalia.com\/wordpress\/wp-content\/uploads\/2016\/08\/cuchillalia-3-claveles-00404-tijeras-cocina-grand-cuisine-8-pulg.jpg","datePublished":"2016-08-24T14:23:19+00:00","dateModified":"2026-03-20T00:37:18+00:00","description":"Tijera de cocina Grand Cuisine 3 Claveles 404, filo microdentado, en acero inoxidable, de 20 cm (8\"). Para usos varios. Presentada en display abierto.","breadcrumb":{"@id":"https:\/\/www.cuchillalia.com\/producto\/3-claveles-404-tijera-cocina-grand-cuisine-inoxidable-8-pulg\/#breadcrumb"},"inLanguage":"en-US","potentialAction":[{"@type":"ReadAction","target":["https:\/\/www.cuchillalia.com\/producto\/3-claveles-404-tijera-cocina-grand-cuisine-inoxidable-8-pulg\/"]}]},{"@type":"ImageObject","inLanguage":"en-US","@id":"https:\/\/www.cuchillalia.com\/producto\/3-claveles-404-tijera-cocina-grand-cuisine-inoxidable-8-pulg\/#primaryimage","url":"https:\/\/www.cuchillalia.com\/wordpress\/wp-content\/uploads\/2016\/08\/cuchillalia-3-claveles-00404-tijeras-cocina-grand-cuisine-8-pulg.jpg","contentUrl":"https:\/\/www.cuchillalia.com\/wordpress\/wp-content\/uploads\/2016\/08\/cuchillalia-3-claveles-00404-tijeras-cocina-grand-cuisine-8-pulg.jpg","width":1600,"height":1600,"caption":"Cuchillalia - Tijera de Cocina Grand Cuisine - Inoxidable 8\" - 3 Claveles 404"},{"@type":"BreadcrumbList","@id":"https:\/\/www.cuchillalia.com\/producto\/3-claveles-404-tijera-cocina-grand-cuisine-inoxidable-8-pulg\/#breadcrumb","itemListElement":[{"@type":"ListItem","position":1,"name":"Cuchillalia","item":"https:\/\/www.cuchillalia.com\/en\/"},{"@type":"ListItem","position":2,"name":"Tienda","item":"https:\/\/www.cuchillalia.com\/tienda\/"},{"@type":"ListItem","position":3,"name":"Tijeras","item":"https:\/\/www.cuchillalia.com\/categoria\/tijeras\/"},{"@type":"ListItem","position":4,"name":"Tijeras de cocina","item":"https:\/\/www.cuchillalia.com\/categoria\/tijeras\/cocina\/"},{"@type":"ListItem","position":5,"name":"Tijeras de cocina de 20 cm &#8211; 3 Claveles Grand Cuisine 404"}]},{"@type":"WebSite","@id":"https:\/\/www.cuchillalia.com\/#website","url":"https:\/\/www.cuchillalia.com\/","name":"Cuchillalia.com","description":"","publisher":{"@id":"https:\/\/www.cuchillalia.com\/#organization"},"potentialAction":[{"@type":"SearchAction","target":{"@type":"EntryPoint","urlTemplate":"https:\/\/www.cuchillalia.com\/?s={search_term_string}"},"query-input":{"@type":"PropertyValueSpecification","valueRequired":true,"valueName":"search_term_string"}}],"inLanguage":"en-US"},{"@type":"Organization","@id":"https:\/\/www.cuchillalia.com\/#organization","name":"Cuchillalia","url":"https:\/\/www.cuchillalia.com\/","logo":{"@type":"ImageObject","inLanguage":"en-US","@id":"https:\/\/www.cuchillalia.com\/#\/schema\/logo\/image\/","url":"https:\/\/www.cuchillalia.com\/wordpress\/wp-content\/uploads\/2021\/03\/logo-cuchillalia-jpg.jpg","contentUrl":"https:\/\/www.cuchillalia.com\/wordpress\/wp-content\/uploads\/2021\/03\/logo-cuchillalia-jpg.jpg","width":276,"height":192,"caption":"Cuchillalia"},"image":{"@id":"https:\/\/www.cuchillalia.com\/#\/schema\/logo\/image\/"},"sameAs":["http:\/\/www.facebook.com\/cuchillalia","https:\/\/x.com\/Cuchillalia"]}]}},"_links":{"self":[{"href":"https:\/\/www.cuchillalia.com\/en\/wp-json\/wp\/v2\/product\/10311","targetHints":{"allow":["GET"]}}],"collection":[{"href":"https:\/\/www.cuchillalia.com\/en\/wp-json\/wp\/v2\/product"}],"about":[{"href":"https:\/\/www.cuchillalia.com\/en\/wp-json\/wp\/v2\/types\/product"}],"replies":[{"embeddable":true,"href":"https:\/\/www.cuchillalia.com\/en\/wp-json\/wp\/v2\/comments?post=10311"}],"wp:featuredmedia":[{"embeddable":true,"href":"https:\/\/www.cuchillalia.com\/en\/wp-json\/wp\/v2\/media\/10312"}],"wp:attachment":[{"href":"https:\/\/www.cuchillalia.com\/en\/wp-json\/wp\/v2\/media?parent=10311"}],"wp:term":[{"taxonomy":"product_brand","embeddable":true,"href":"https:\/\/www.cuchillalia.com\/en\/wp-json\/wp\/v2\/product_brand?post=10311"},{"taxonomy":"product_cat","embeddable":true,"href":"https:\/\/www.cuchillalia.com\/en\/wp-json\/wp\/v2\/product_cat?post=10311"},{"taxonomy":"product_tag","embeddable":true,"href":"https:\/\/www.cuchillalia.com\/en\/wp-json\/wp\/v2\/product_tag?post=10311"}],"curies":[{"name":"wp","href":"https:\/\/api.w.org\/{rel}","templated":true}]}}